{"id":1601,"date":"2023-05-09T18:56:40","date_gmt":"2023-05-09T18:56:40","guid":{"rendered":"https:\/\/munkholmensbatklubb.se\/?page_id=1601"},"modified":"2023-05-10T10:46:28","modified_gmt":"2023-05-10T10:46:28","slug":"bli-medlem","status":"publish","type":"page","link":"https:\/\/munkholmensbatklubb.se\/?page_id=1601","title":{"rendered":"Medlemskap"},"content":{"rendered":"\n<p>Ans\u00f6kan om medlemskap skall ske skriftligen. Medlemskap kan endast ges till person som \u00e4r folkbokf\u00f6rd i Sigtuna kommun, \u00e4r myndig och som har behov av plats f\u00f6r b\u00e5t i avsedd sm\u00e5b\u00e5tshamn.<br>Det \u00e4r styrelsen som beslutar om antagning av ny medlem.<\/p>\n\n\n\n<p>Medlemskap ber\u00e4ttigar, vid tillg\u00e4nglighet, plats i f\u00f6reningens b\u00e5tbryggsanl\u00e4ggning. &nbsp; Medlem med erh\u00e5llen och betald b\u00e5tplats f\u00e5r utnyttja klubbens anl\u00e4ggningar.&nbsp;<br>Medlem, som antagits, har genom intr\u00e4desans\u00f6kan f\u00f6rbundit sig att f\u00f6lja klubbens stadgar, &nbsp;ordningsf\u00f6reskrifter och i stadgeenlig ordning fattade beslut. Medlem skall ocks\u00e5 verka f\u00f6r att fr\u00e4mja klubbens \u00e4ndam\u00e5l.<br>Medlem, som avsiktligt eller genom bristande aktsamhet skadar klubbens tillh\u00f6righeter, \u00e4r ers\u00e4ttningsskyldig.<br>Medlem skall utf\u00f6ra de plikter som beslutats av \u00e5rsm\u00f6tet.<\/p>\n","protected":false},"excerpt":{"rendered":"<p>Ans\u00f6kan om medlemskap skall ske skriftligen. Medlemskap kan endast ges till person som \u00e4r folkbokf\u00f6rd i Sigtuna kommun, \u00e4r myndig och som har behov av plats f\u00f6r b\u00e5t i avsedd sm\u00e5b\u00e5tshamn.Det \u00e4r styrelsen som beslutar om antagning av ny medlem. Medlemskap ber\u00e4ttigar, vid tillg\u00e4nglighet, plats i f\u00f6reningens b\u00e5tbryggsanl\u00e4ggning. &nbsp; Medlem med erh\u00e5llen och betald b\u00e5tplats &hellip;<\/p>\n<p class=\"read-more\"> <a class=\"\" href=\"https:\/\/munkholmensbatklubb.se\/?page_id=1601\"> <span class=\"screen-reader-text\">Medlemskap<\/span> L\u00e4s mer &raquo;<\/a><\/p>\n","protected":false},"author":1,"featured_media":0,"parent":0,"menu_order":0,"comment_status":"closed","ping_status":"closed","template":"","meta":{"_uag_custom_page_level_css":"","site-sidebar-layout":"default","site-content-layout":"default","ast-global-header-display":"","ast-main-header-display":"","ast-hfb-above-header-display":"","ast-hfb-below-header-display":"","ast-hfb-mobile-header-display":"","site-post-title":"","ast-breadcrumbs-content":"","ast-featured-img":"","footer-sml-layout":"","theme-transparent-header-meta":"","adv-header-id-meta":"","stick-header-meta":"","header-above-stick-meta":"","header-main-stick-meta":"","header-below-stick-meta":""},"uagb_featured_image_src":{"full":false,"thumbnail":false,"medium":false,"medium_large":false,"large":false,"1536x1536":false,"2048x2048":false},"uagb_author_info":{"display_name":"admin","author_link":"https:\/\/munkholmensbatklubb.se\/?author=1"},"uagb_comment_info":0,"uagb_excerpt":"Ans\u00f6kan om medlemskap skall ske skriftligen. Medlemskap kan endast ges till person som \u00e4r folkbokf\u00f6rd i Sigtuna kommun, \u00e4r myndig och som har behov av plats f\u00f6r b\u00e5t i avsedd sm\u00e5b\u00e5tshamn.Det \u00e4r styrelsen som beslutar om antagning av ny medlem. Medlemskap ber\u00e4ttigar, vid tillg\u00e4nglighet, plats i f\u00f6reningens b\u00e5tbryggsanl\u00e4ggning. &nbsp; Medlem med erh\u00e5llen och betald b\u00e5tplats&hellip;","_links":{"self":[{"href":"https:\/\/munkholmensbatklubb.se\/index.php?rest_route=\/wp\/v2\/pages\/1601"}],"collection":[{"href":"https:\/\/munkholmensbatklubb.se\/index.php?rest_route=\/wp\/v2\/pages"}],"about":[{"href":"https:\/\/munkholmensbatklubb.se\/index.php?rest_route=\/wp\/v2\/types\/page"}],"author":[{"embeddable":true,"href":"https:\/\/munkholmensbatklubb.se\/index.php?rest_route=\/wp\/v2\/users\/1"}],"replies":[{"embeddable":true,"href":"https:\/\/munkholmensbatklubb.se\/index.php?rest_route=%2Fwp%2Fv2%2Fcomments&post=1601"}],"version-history":[{"count":3,"href":"https:\/\/munkholmensbatklubb.se\/index.php?rest_route=\/wp\/v2\/pages\/1601\/revisions"}],"predecessor-version":[{"id":1658,"href":"https:\/\/munkholmensbatklubb.se\/index.php?rest_route=\/wp\/v2\/pages\/1601\/revisions\/1658"}],"wp:attachment":[{"href":"https:\/\/munkholmensbatklubb.se\/index.php?rest_route=%2Fwp%2Fv2%2Fmedia&parent=1601"}],"curies":[{"name":"wp","href":"https:\/\/api.w.org\/{rel}","templated":true}]}}