{"id":1607,"date":"2023-05-09T19:00:59","date_gmt":"2023-05-09T19:00:59","guid":{"rendered":"https:\/\/munkholmensbatklubb.se\/?page_id=1607"},"modified":"2024-04-24T06:37:23","modified_gmt":"2024-04-24T06:37:23","slug":"batplats","status":"publish","type":"page","link":"https:\/\/munkholmensbatklubb.se\/?page_id=1607","title":{"rendered":"B\u00e5tplats"},"content":{"rendered":"\n<p>F\u00f6r att st\u00e5 i k\u00f6 till b\u00e5tplats m\u00e5ste man vara medlem i klubben.<\/p>\n\n\n\n<p>Fyll i formul\u00e4ret nedan f\u00f6r att ans\u00f6ka om bryggplats:<\/p>\n\n\n\n<div class=\"wp-block-uagb-container uagb-block-56c90657 alignfull uagb-is-root-container\"><div class=\"uagb-container-inner-blocks-wrap\">\n\n<div class=\"wp-block-uagb-container uagb-block-2f80a35e\">\n\n<div class=\"wp-block-contact-form-7-contact-form-selector\">\n<div class=\"wpcf7 no-js\" id=\"wpcf7-f1717-o1\" lang=\"sv-SE\" dir=\"ltr\">\n<div class=\"screen-reader-response\"><p role=\"status\" aria-live=\"polite\" aria-atomic=\"true\"><\/p> <ul><\/ul><\/div>\n<form action=\"\/index.php?rest_route=%2Fwp%2Fv2%2Fpages%2F1607#wpcf7-f1717-o1\" method=\"post\" class=\"wpcf7-form init\" aria-label=\"Kontaktformul\u00e4r\" novalidate=\"novalidate\" data-status=\"init\">\n<div style=\"display: none;\">\n<input type=\"hidden\" name=\"_wpcf7\" value=\"1717\" \/>\n<input type=\"hidden\" name=\"_wpcf7_version\" value=\"5.8.7\" \/>\n<input type=\"hidden\" name=\"_wpcf7_locale\" value=\"sv_SE\" \/>\n<input type=\"hidden\" name=\"_wpcf7_unit_tag\" value=\"wpcf7-f1717-o1\" \/>\n<input type=\"hidden\" name=\"_wpcf7_container_post\" value=\"0\" \/>\n<input type=\"hidden\" name=\"_wpcf7_posted_data_hash\" value=\"\" \/>\n<\/div>\n<div class=\"uacf7-form-1717\"><div class=\"uacf7-row\">\n<div class=\"uacf7-col-12\"> \n<label> F\u00f6rnamn\n    <span class=\"wpcf7-form-control-wrap\" data-name=\"firstname\"><input size=\"40\" class=\"wpcf7-form-control wpcf7-text wpcf7-validates-as-required\" aria-required=\"true\" aria-invalid=\"false\" value=\"\" type=\"text\" name=\"firstname\" \/><\/span> <\/label> \n<\/div>\n<div class=\"uacf7-col-12\">\n<label> Efternamn\n    <span class=\"wpcf7-form-control-wrap\" data-name=\"lastname\"><input size=\"40\" class=\"wpcf7-form-control wpcf7-text wpcf7-validates-as-required\" aria-required=\"true\" aria-invalid=\"false\" value=\"\" type=\"text\" name=\"lastname\" \/><\/span> <\/label>\n<\/div>\n<\/div>\n\n\n<div class=\"uacf7-row\">\n<div class=\"uacf7-col-12\"> \n<label> Gatuadress\n    <span class=\"wpcf7-form-control-wrap\" data-name=\"street\"><input size=\"40\" class=\"wpcf7-form-control wpcf7-text wpcf7-validates-as-required\" aria-required=\"true\" aria-invalid=\"false\" value=\"\" type=\"text\" name=\"street\" \/><\/span> <\/label> \n<\/div>\n<div class=\"uacf7-col-6\"> \n<label> Postnummer\n    <span class=\"wpcf7-form-control-wrap\" data-name=\"zipcode\"><input size=\"40\" class=\"wpcf7-form-control wpcf7-text wpcf7-validates-as-required\" aria-required=\"true\" aria-invalid=\"false\" value=\"\" type=\"text\" name=\"zipcode\" \/><\/span> <\/label> \n<\/div>\n<div class=\"uacf7-col-6\"> \n<label> Postort\n    <span class=\"wpcf7-form-control-wrap\" data-name=\"city\"><input size=\"40\" class=\"wpcf7-form-control wpcf7-text wpcf7-validates-as-required\" aria-required=\"true\" aria-invalid=\"false\" value=\"\" type=\"text\" name=\"city\" \/><\/span> <\/label> \n<\/div>\n<\/div>\n\n<div class=\"uacf7-row\">\n<div class=\"uacf7-col-6\"> \n<label> Din e-post\n    <span class=\"wpcf7-form-control-wrap\" data-name=\"email\"><input size=\"40\" class=\"wpcf7-form-control wpcf7-email wpcf7-validates-as-required wpcf7-text wpcf7-validates-as-email\" autocomplete=\"email\" aria-required=\"true\" aria-invalid=\"false\" value=\"\" type=\"email\" name=\"email\" \/><\/span> <\/label>\n<\/div>\n<div class=\"uacf7-col-6\">  \n<label> Din e-post (kopia)\n    <span class=\"wpcf7-form-control-wrap\" data-name=\"email2\"><input size=\"40\" class=\"wpcf7-form-control wpcf7-email wpcf7-text wpcf7-validates-as-email\" autocomplete=\"email\" aria-invalid=\"false\" value=\"\" type=\"email\" name=\"email2\" \/><\/span> <\/label>\n<\/div>\n<\/div>\n\n\n<div class=\"uacf7-row\">\n<div class=\"uacf7-col-6\">\n<label> Mobilnummer\n    <span class=\"wpcf7-form-control-wrap\" data-name=\"mobile\"><input size=\"40\" class=\"wpcf7-form-control wpcf7-tel wpcf7-validates-as-required wpcf7-text wpcf7-validates-as-tel\" aria-required=\"true\" aria-invalid=\"false\" value=\"\" type=\"tel\" name=\"mobile\" \/><\/span> <\/label>\n<\/div>\n<div class=\"uacf7-col-6\">\n<label> Personnummer\n    <span class=\"wpcf7-form-control-wrap\" data-name=\"ssn\"><input class=\"wpcf7-form-control wpcf7-number wpcf7-validates-as-required wpcf7-validates-as-number\" aria-required=\"true\" aria-invalid=\"false\" value=\"\" type=\"number\" name=\"ssn\" \/><\/span> <\/label>\n<\/div>\n<div class=\"uacf7-col-12\"> <label> Skattlig hemvist (kommun)\n    <span class=\"wpcf7-form-control-wrap\" data-name=\"tax-residence\"><input size=\"40\" class=\"wpcf7-form-control wpcf7-text wpcf7-validates-as-required\" aria-required=\"true\" aria-invalid=\"false\" value=\"\" type=\"text\" name=\"tax-residence\" \/><\/span> <\/label> <\/div>\n<\/div>\n\n<div class=\"uacf7-row\">\n<div class=\"uacf7-col-4\">\n<label> Bredd b\u00e5tplats\n    <input type=\"number\" name=\"boat-width\" step=\"1\" min=\"1\" max=\"500\" placeholder=\"bredd i cm\" required><\/label> <\/label>\n<\/div>\n<div class=\"uacf7-col-4\">\n<label> L\u00e4ngd p\u00e5 b\u00e5t\n<input type=\"number\" name=\"boat-length\" step=\"1\" min=\"1\" max=\"800\" placeholder=\"l\u00e4ngd i cm\" required><\/label>\n<\/div>\n<div class=\"uacf7-col-4\">\n<label> Djup p\u00e5 b\u00e5t\n<input type=\"number\" name=\"boat-depth\" step=\"1\" min=\"1\" max=\"250\" required placeholder=\"djup i cm\"> <\/label>\n<\/div>\n<\/div>\n\n<div class=\"uacf7-row\">\n<div class=\"uacf7-col-12\"> <span class=\"wpcf7-form-control-wrap\" data-name=\"tc-agree\"><span class=\"wpcf7-form-control wpcf7-checkbox wpcf7-validates-as-required\"><span class=\"wpcf7-list-item first last\"><input type=\"checkbox\" name=\"tc-agree[]\" value=\"Jag har l\u00e4st och f\u00f6rst\u00e5r Stadgar och Ordningsf\u00f6reskrifter\" \/><span class=\"wpcf7-list-item-label\">Jag har l\u00e4st och f\u00f6rst\u00e5r Stadgar och Ordningsf\u00f6reskrifter<\/span><\/span><\/span><\/span> <\/div>\n<div class=\"uacf7-col-12\"> <input class=\"wpcf7-form-control wpcf7-submit has-spinner\" type=\"submit\" value=\"Skicka\" \/> <\/div>\n<\/div><\/div><div class=\"wpcf7-response-output\" aria-hidden=\"true\"><\/div>\n<\/form>\n<\/div>\n<\/div>\n\n<\/div>\n\n\n<div class=\"wp-block-uagb-container uagb-block-15743798\"><\/div>\n\n<\/div><\/div>\n","protected":false},"excerpt":{"rendered":"<p>F\u00f6r att st\u00e5 i k\u00f6 till b\u00e5tplats m\u00e5ste man vara medlem i klubben. Fyll i formul\u00e4ret nedan f\u00f6r att ans\u00f6ka om bryggplats:<\/p>\n","protected":false},"author":1,"featured_media":0,"parent":0,"menu_order":0,"comment_status":"closed","ping_status":"closed","template":"","meta":{"_uag_custom_page_level_css":"","site-sidebar-layout":"default","site-content-layout":"default","ast-global-header-display":"","ast-main-header-display":"","ast-hfb-above-header-display":"","ast-hfb-below-header-display":"","ast-hfb-mobile-header-display":"","site-post-title":"","ast-breadcrumbs-content":"","ast-featured-img":"","footer-sml-layout":"","theme-transparent-header-meta":"","adv-header-id-meta":"","stick-header-meta":"","header-above-stick-meta":"","header-main-stick-meta":"","header-below-stick-meta":""},"uagb_featured_image_src":{"full":false,"thumbnail":false,"medium":false,"medium_large":false,"large":false,"1536x1536":false,"2048x2048":false},"uagb_author_info":{"display_name":"admin","author_link":"https:\/\/munkholmensbatklubb.se\/?author=1"},"uagb_comment_info":0,"uagb_excerpt":"F\u00f6r att st\u00e5 i k\u00f6 till b\u00e5tplats m\u00e5ste man vara medlem i klubben. Fyll i formul\u00e4ret nedan f\u00f6r att ans\u00f6ka om bryggplats:","_links":{"self":[{"href":"https:\/\/munkholmensbatklubb.se\/index.php?rest_route=\/wp\/v2\/pages\/1607"}],"collection":[{"href":"https:\/\/munkholmensbatklubb.se\/index.php?rest_route=\/wp\/v2\/pages"}],"about":[{"href":"https:\/\/munkholmensbatklubb.se\/index.php?rest_route=\/wp\/v2\/types\/page"}],"author":[{"embeddable":true,"href":"https:\/\/munkholmensbatklubb.se\/index.php?rest_route=\/wp\/v2\/users\/1"}],"replies":[{"embeddable":true,"href":"https:\/\/munkholmensbatklubb.se\/index.php?rest_route=%2Fwp%2Fv2%2Fcomments&post=1607"}],"version-history":[{"count":11,"href":"https:\/\/munkholmensbatklubb.se\/index.php?rest_route=\/wp\/v2\/pages\/1607\/revisions"}],"predecessor-version":[{"id":1761,"href":"https:\/\/munkholmensbatklubb.se\/index.php?rest_route=\/wp\/v2\/pages\/1607\/revisions\/1761"}],"wp:attachment":[{"href":"https:\/\/munkholmensbatklubb.se\/index.php?rest_route=%2Fwp%2Fv2%2Fmedia&parent=1607"}],"curies":[{"name":"wp","href":"https:\/\/api.w.org\/{rel}","templated":true}]}}